{"id":223,"date":"2011-12-13T22:52:52","date_gmt":"2011-12-13T20:52:52","guid":{"rendered":"http:\/\/www.nicovanasdonck.nl\/pindasaus\/?page_id=223"},"modified":"2025-09-11T07:29:22","modified_gmt":"2025-09-11T05:29:22","slug":"djembe","status":"publish","type":"page","link":"https:\/\/www.nicovanasdonck.nl\/index.php\/djembe\/","title":{"rendered":"Djemb\u00e9"},"content":{"rendered":"<p>&nbsp;<\/p>\n<p><img loading=\"lazy\" decoding=\"async\" class=\"aligncenter wp-image-3637\" src=\"http:\/\/www.nicovanasdonck.nl\/pindasaus\/wp-content\/uploads\/Djembe-Utrecht.jpg\" alt=\"Djembe Utrecht\" width=\"900\" height=\"552\" srcset=\"https:\/\/www.nicovanasdonck.nl\/pindasaus\/wp-content\/uploads\/Djembe-Utrecht.jpg 947w, https:\/\/www.nicovanasdonck.nl\/pindasaus\/wp-content\/uploads\/Djembe-Utrecht-300x184.jpg 300w, https:\/\/www.nicovanasdonck.nl\/pindasaus\/wp-content\/uploads\/Djembe-Utrecht-768x471.jpg 768w\" sizes=\"auto, (max-width: 767px) 89vw, (max-width: 1000px) 54vw, (max-width: 1071px) 543px, 580px\" \/><\/p>\n<p style=\"text-align: center;\"><strong><span style=\"color: #000000;\">De Workshop<\/span><\/strong><\/p>\n<p>Met een warming-up op Cubaanse, Surinaamse of West-Afrikaanse muziek start mijn workshop.\u00a0 Niet alleen goed voor de spieren, maar zeker voor de sfeer en het kennismaken met ritmische muziekstijlen. Hierna nemen de deelnemers plaats achter een djemb\u00e9, doun-doun of darboeka.\u00a0 Doordat de trommels eenvoudig zijn te bespelen gaan we snel over tot het aanleren van enkele ritmes en een begin- en eindbreak.<\/p>\n<p style=\"text-align: center;\"><strong>Alles draait om samenspel en polyritmiek\u00a0<\/strong><\/p>\n<p>Trommelen is niet moeilijk, maar het gezamenlijk spelen van 2, 3, 4 of 5 ritmes vraagt om concentratie, luisteren, ontspannen en aanvoelen (in deze volgorde). Met een eenvoudige methode zal dit worden aangeleerd in de resterende 45 minuten. Door deze manier van werken is een djemb\u00e9-sessie niet alleen geschikt voor feesten en recepties, maar zeker te gebruiken als aanvulling of onderdeel van een training.<\/p>\n<p style=\"text-align: center;\"><strong>Informatie en beschikbaarheid<\/strong><\/p>\n<p>Raadpleeg mijn <span style=\"color: #ff0000;\">agenda<\/span> en stuur een <span style=\"color: #ff0000;\"><a style=\"color: #ff0000;\" title=\"Contact\" href=\"http:\/\/www.nicovanasdonck.nl\/index.php\/contact\/\">mail<\/a><\/span> voor extra informatie en mogelijkheden.<\/p>\n<p style=\"text-align: center;\"><strong>Missie : muziek voor iedereen<\/strong><\/p>\n<p>Ik werk op non-profit basis. Mijn doel is om muziekworkshops te geven aan instellingen, verenigingen en scholen waar geen budget is voor een muzieksessie. Aan commerci\u00eble partijen vraag ik als tegenprestatie een bedrag over te maken naar \u00e9\u00e9n van mijn goede doelen, die vermeld staan op mijn home pagina.<\/p>\n<p>&nbsp;<\/p>\n","protected":false},"excerpt":{"rendered":"<p>&nbsp; De Workshop Met een warming-up op Cubaanse, Surinaamse of West-Afrikaanse muziek start mijn workshop.\u00a0 Niet alleen goed voor de spieren, maar zeker voor de sfeer en het kennismaken met ritmische muziekstijlen. Hierna nemen de deelnemers plaats achter een djemb\u00e9, doun-doun of darboeka.\u00a0 Doordat de trommels eenvoudig zijn te bespelen gaan we snel over tot &hellip; <\/p>\n<p class=\"link-more\"><a href=\"https:\/\/www.nicovanasdonck.nl\/index.php\/djembe\/\" class=\"more-link\">Lees verder <span class=\"screen-reader-text\">&#8220;Djemb\u00e9&#8221;<\/span><\/a><\/p>\n","protected":false},"author":1,"featured_media":0,"parent":0,"menu_order":0,"comment_status":"closed","ping_status":"closed","template":"","meta":{"footnotes":""},"class_list":["post-223","page","type-page","status-publish","hentry"],"yoast_head":"<!-- This site is optimized with the Yoast SEO plugin v27.5 - https:\/\/yoast.com\/product\/yoast-seo-wordpress\/ -->\n<title>workshops Djemb\u00e9, Drumband, Indisch koken, The Sixties, Utrecht<\/title>\n<meta name=\"description\" content=\"Kijk voor diverse actieve workshops voor non-profit instellingen op deze site. Ook voor muziekvoorstellingen over Nederlands-Indi\u00eb, fietsen naar Rome, autoreis naar Gambia\" \/>\n<meta name=\"robots\" content=\"index, follow, max-snippet:-1, max-image-preview:large, max-video-preview:-1\" \/>\n<link rel=\"canonical\" href=\"https:\/\/www.nicovanasdonck.nl\/index.php\/workshops__trashed\/djembe\/\" \/>\n<meta property=\"og:locale\" content=\"nl_NL\" \/>\n<meta property=\"og:type\" content=\"article\" \/>\n<meta property=\"og:title\" content=\"workshops Djemb\u00e9, Drumband, Indisch koken, The Sixties, Utrecht\" \/>\n<meta property=\"og:description\" content=\"Kijk voor diverse actieve workshops voor non-profit instellingen op deze site. Ook voor muziekvoorstellingen over Nederlands-Indi\u00eb, fietsen naar Rome, autoreis naar Gambia\" \/>\n<meta property=\"og:url\" content=\"https:\/\/www.nicovanasdonck.nl\/index.php\/workshops__trashed\/djembe\/\" \/>\n<meta property=\"og:site_name\" content=\"Nico van Asdonck\" \/>\n<meta property=\"article:modified_time\" content=\"2025-09-11T05:29:22+00:00\" \/>\n<meta property=\"og:image\" content=\"https:\/\/www.nicovanasdonck.nl\/pindasaus\/wp-content\/uploads\/Djembe-Utrecht.jpg\" \/>\n\t<meta property=\"og:image:width\" content=\"947\" \/>\n\t<meta property=\"og:image:height\" content=\"581\" \/>\n\t<meta property=\"og:image:type\" content=\"image\/jpeg\" \/>\n<meta name=\"twitter:label1\" content=\"Geschatte leestijd\" \/>\n\t<meta name=\"twitter:data1\" content=\"2 minuten\" \/>\n<script type=\"application\/ld+json\" class=\"yoast-schema-graph\">{\"@context\":\"https:\\\/\\\/schema.org\",\"@graph\":[{\"@type\":\"WebPage\",\"@id\":\"https:\\\/\\\/www.nicovanasdonck.nl\\\/index.php\\\/workshops__trashed\\\/djembe\\\/\",\"url\":\"https:\\\/\\\/www.nicovanasdonck.nl\\\/index.php\\\/workshops__trashed\\\/djembe\\\/\",\"name\":\"workshops Djemb\u00e9, Drumband, Indisch koken, The Sixties, Utrecht\",\"isPartOf\":{\"@id\":\"https:\\\/\\\/www.nicovanasdonck.nl\\\/#website\"},\"primaryImageOfPage\":{\"@id\":\"https:\\\/\\\/www.nicovanasdonck.nl\\\/index.php\\\/workshops__trashed\\\/djembe\\\/#primaryimage\"},\"image\":{\"@id\":\"https:\\\/\\\/www.nicovanasdonck.nl\\\/index.php\\\/workshops__trashed\\\/djembe\\\/#primaryimage\"},\"thumbnailUrl\":\"http:\\\/\\\/www.nicovanasdonck.nl\\\/pindasaus\\\/wp-content\\\/uploads\\\/Djembe-Utrecht.jpg\",\"datePublished\":\"2011-12-13T20:52:52+00:00\",\"dateModified\":\"2025-09-11T05:29:22+00:00\",\"description\":\"Kijk voor diverse actieve workshops voor non-profit instellingen op deze site. Ook voor muziekvoorstellingen over Nederlands-Indi\u00eb, fietsen naar Rome, autoreis naar Gambia\",\"inLanguage\":\"nl-NL\",\"potentialAction\":[{\"@type\":\"ReadAction\",\"target\":[\"https:\\\/\\\/www.nicovanasdonck.nl\\\/index.php\\\/workshops__trashed\\\/djembe\\\/\"]}]},{\"@type\":\"ImageObject\",\"inLanguage\":\"nl-NL\",\"@id\":\"https:\\\/\\\/www.nicovanasdonck.nl\\\/index.php\\\/workshops__trashed\\\/djembe\\\/#primaryimage\",\"url\":\"http:\\\/\\\/www.nicovanasdonck.nl\\\/pindasaus\\\/wp-content\\\/uploads\\\/Djembe-Utrecht.jpg\",\"contentUrl\":\"http:\\\/\\\/www.nicovanasdonck.nl\\\/pindasaus\\\/wp-content\\\/uploads\\\/Djembe-Utrecht.jpg\"},{\"@type\":\"WebSite\",\"@id\":\"https:\\\/\\\/www.nicovanasdonck.nl\\\/#website\",\"url\":\"https:\\\/\\\/www.nicovanasdonck.nl\\\/\",\"name\":\"Nico van Asdonck\",\"description\":\"pinda-saus.nl\",\"publisher\":{\"@id\":\"https:\\\/\\\/www.nicovanasdonck.nl\\\/#\\\/schema\\\/person\\\/9bc48c7e3d982d18c83eed5cfa990889\"},\"potentialAction\":[{\"@type\":\"SearchAction\",\"target\":{\"@type\":\"EntryPoint\",\"urlTemplate\":\"https:\\\/\\\/www.nicovanasdonck.nl\\\/?s={search_term_string}\"},\"query-input\":{\"@type\":\"PropertyValueSpecification\",\"valueRequired\":true,\"valueName\":\"search_term_string\"}}],\"inLanguage\":\"nl-NL\"},{\"@type\":[\"Person\",\"Organization\"],\"@id\":\"https:\\\/\\\/www.nicovanasdonck.nl\\\/#\\\/schema\\\/person\\\/9bc48c7e3d982d18c83eed5cfa990889\",\"name\":\"Nico\",\"image\":{\"@type\":\"ImageObject\",\"inLanguage\":\"nl-NL\",\"@id\":\"https:\\\/\\\/secure.gravatar.com\\\/avatar\\\/1a76f92c496bc745c24f0538fecb2a1f681ad6ca16dd8c4d9ee0fbc1ae03e169?s=96&d=mm&r=g\",\"url\":\"https:\\\/\\\/secure.gravatar.com\\\/avatar\\\/1a76f92c496bc745c24f0538fecb2a1f681ad6ca16dd8c4d9ee0fbc1ae03e169?s=96&d=mm&r=g\",\"contentUrl\":\"https:\\\/\\\/secure.gravatar.com\\\/avatar\\\/1a76f92c496bc745c24f0538fecb2a1f681ad6ca16dd8c4d9ee0fbc1ae03e169?s=96&d=mm&r=g\",\"caption\":\"Nico\"},\"logo\":{\"@id\":\"https:\\\/\\\/secure.gravatar.com\\\/avatar\\\/1a76f92c496bc745c24f0538fecb2a1f681ad6ca16dd8c4d9ee0fbc1ae03e169?s=96&d=mm&r=g\"}}]}<\/script>\n<!-- \/ Yoast SEO plugin. -->","yoast_head_json":{"title":"workshops Djemb\u00e9, Drumband, Indisch koken, The Sixties, Utrecht","description":"Kijk voor diverse actieve workshops voor non-profit instellingen op deze site. Ook voor muziekvoorstellingen over Nederlands-Indi\u00eb, fietsen naar Rome, autoreis naar Gambia","robots":{"index":"index","follow":"follow","max-snippet":"max-snippet:-1","max-image-preview":"max-image-preview:large","max-video-preview":"max-video-preview:-1"},"canonical":"https:\/\/www.nicovanasdonck.nl\/index.php\/workshops__trashed\/djembe\/","og_locale":"nl_NL","og_type":"article","og_title":"workshops Djemb\u00e9, Drumband, Indisch koken, The Sixties, Utrecht","og_description":"Kijk voor diverse actieve workshops voor non-profit instellingen op deze site. Ook voor muziekvoorstellingen over Nederlands-Indi\u00eb, fietsen naar Rome, autoreis naar Gambia","og_url":"https:\/\/www.nicovanasdonck.nl\/index.php\/workshops__trashed\/djembe\/","og_site_name":"Nico van Asdonck","article_modified_time":"2025-09-11T05:29:22+00:00","og_image":[{"width":947,"height":581,"url":"https:\/\/www.nicovanasdonck.nl\/pindasaus\/wp-content\/uploads\/Djembe-Utrecht.jpg","type":"image\/jpeg"}],"twitter_misc":{"Geschatte leestijd":"2 minuten"},"schema":{"@context":"https:\/\/schema.org","@graph":[{"@type":"WebPage","@id":"https:\/\/www.nicovanasdonck.nl\/index.php\/workshops__trashed\/djembe\/","url":"https:\/\/www.nicovanasdonck.nl\/index.php\/workshops__trashed\/djembe\/","name":"workshops Djemb\u00e9, Drumband, Indisch koken, The Sixties, Utrecht","isPartOf":{"@id":"https:\/\/www.nicovanasdonck.nl\/#website"},"primaryImageOfPage":{"@id":"https:\/\/www.nicovanasdonck.nl\/index.php\/workshops__trashed\/djembe\/#primaryimage"},"image":{"@id":"https:\/\/www.nicovanasdonck.nl\/index.php\/workshops__trashed\/djembe\/#primaryimage"},"thumbnailUrl":"http:\/\/www.nicovanasdonck.nl\/pindasaus\/wp-content\/uploads\/Djembe-Utrecht.jpg","datePublished":"2011-12-13T20:52:52+00:00","dateModified":"2025-09-11T05:29:22+00:00","description":"Kijk voor diverse actieve workshops voor non-profit instellingen op deze site. Ook voor muziekvoorstellingen over Nederlands-Indi\u00eb, fietsen naar Rome, autoreis naar Gambia","inLanguage":"nl-NL","potentialAction":[{"@type":"ReadAction","target":["https:\/\/www.nicovanasdonck.nl\/index.php\/workshops__trashed\/djembe\/"]}]},{"@type":"ImageObject","inLanguage":"nl-NL","@id":"https:\/\/www.nicovanasdonck.nl\/index.php\/workshops__trashed\/djembe\/#primaryimage","url":"http:\/\/www.nicovanasdonck.nl\/pindasaus\/wp-content\/uploads\/Djembe-Utrecht.jpg","contentUrl":"http:\/\/www.nicovanasdonck.nl\/pindasaus\/wp-content\/uploads\/Djembe-Utrecht.jpg"},{"@type":"WebSite","@id":"https:\/\/www.nicovanasdonck.nl\/#website","url":"https:\/\/www.nicovanasdonck.nl\/","name":"Nico van Asdonck","description":"pinda-saus.nl","publisher":{"@id":"https:\/\/www.nicovanasdonck.nl\/#\/schema\/person\/9bc48c7e3d982d18c83eed5cfa990889"},"potentialAction":[{"@type":"SearchAction","target":{"@type":"EntryPoint","urlTemplate":"https:\/\/www.nicovanasdonck.nl\/?s={search_term_string}"},"query-input":{"@type":"PropertyValueSpecification","valueRequired":true,"valueName":"search_term_string"}}],"inLanguage":"nl-NL"},{"@type":["Person","Organization"],"@id":"https:\/\/www.nicovanasdonck.nl\/#\/schema\/person\/9bc48c7e3d982d18c83eed5cfa990889","name":"Nico","image":{"@type":"ImageObject","inLanguage":"nl-NL","@id":"https:\/\/secure.gravatar.com\/avatar\/1a76f92c496bc745c24f0538fecb2a1f681ad6ca16dd8c4d9ee0fbc1ae03e169?s=96&d=mm&r=g","url":"https:\/\/secure.gravatar.com\/avatar\/1a76f92c496bc745c24f0538fecb2a1f681ad6ca16dd8c4d9ee0fbc1ae03e169?s=96&d=mm&r=g","contentUrl":"https:\/\/secure.gravatar.com\/avatar\/1a76f92c496bc745c24f0538fecb2a1f681ad6ca16dd8c4d9ee0fbc1ae03e169?s=96&d=mm&r=g","caption":"Nico"},"logo":{"@id":"https:\/\/secure.gravatar.com\/avatar\/1a76f92c496bc745c24f0538fecb2a1f681ad6ca16dd8c4d9ee0fbc1ae03e169?s=96&d=mm&r=g"}}]}},"_links":{"self":[{"href":"https:\/\/www.nicovanasdonck.nl\/index.php\/wp-json\/wp\/v2\/pages\/223","targetHints":{"allow":["GET"]}}],"collection":[{"href":"https:\/\/www.nicovanasdonck.nl\/index.php\/wp-json\/wp\/v2\/pages"}],"about":[{"href":"https:\/\/www.nicovanasdonck.nl\/index.php\/wp-json\/wp\/v2\/types\/page"}],"author":[{"embeddable":true,"href":"https:\/\/www.nicovanasdonck.nl\/index.php\/wp-json\/wp\/v2\/users\/1"}],"replies":[{"embeddable":true,"href":"https:\/\/www.nicovanasdonck.nl\/index.php\/wp-json\/wp\/v2\/comments?post=223"}],"version-history":[{"count":3,"href":"https:\/\/www.nicovanasdonck.nl\/index.php\/wp-json\/wp\/v2\/pages\/223\/revisions"}],"predecessor-version":[{"id":6062,"href":"https:\/\/www.nicovanasdonck.nl\/index.php\/wp-json\/wp\/v2\/pages\/223\/revisions\/6062"}],"wp:attachment":[{"href":"https:\/\/www.nicovanasdonck.nl\/index.php\/wp-json\/wp\/v2\/media?parent=223"}],"curies":[{"name":"wp","href":"https:\/\/api.w.org\/{rel}","templated":true}]}}