{"id":2,"date":"2012-09-04T00:20:56","date_gmt":"2012-09-03T22:20:56","guid":{"rendered":"http:\/\/www.nicovanasdonck.nl\/2011\/?page_id=2"},"modified":"2026-04-21T14:27:04","modified_gmt":"2026-04-21T12:27:04","slug":"voorbeeld-pagina","status":"publish","type":"page","link":"https:\/\/www.nicovanasdonck.nl\/","title":{"rendered":"Start"},"content":{"rendered":"\n<p><\/p>\n\n\n<p style=\"text-align: left;\">Laatste wijziging : 21 april\u00a0 2026<\/p>\n<p><img loading=\"lazy\" decoding=\"async\" class=\"alignleft size-medium wp-image-5127\" src=\"https:\/\/www.nicovanasdonck.nl\/pindasaus\/wp-content\/uploads\/IMG-20210202-WA0020-200x300.jpg\" alt=\"\" width=\"200\" height=\"300\" srcset=\"https:\/\/www.nicovanasdonck.nl\/pindasaus\/wp-content\/uploads\/IMG-20210202-WA0020-200x300.jpg 200w, https:\/\/www.nicovanasdonck.nl\/pindasaus\/wp-content\/uploads\/IMG-20210202-WA0020-682x1024.jpg 682w, https:\/\/www.nicovanasdonck.nl\/pindasaus\/wp-content\/uploads\/IMG-20210202-WA0020-768x1153.jpg 768w, https:\/\/www.nicovanasdonck.nl\/pindasaus\/wp-content\/uploads\/IMG-20210202-WA0020-1023x1536.jpg 1023w, https:\/\/www.nicovanasdonck.nl\/pindasaus\/wp-content\/uploads\/IMG-20210202-WA0020.jpg 1066w\" sizes=\"auto, (max-width: 200px) 100vw, 200px\" \/><\/p>\n<p>Workshops voor iedereen is mijn belangrijkste doelstelling.\u00a0 Ik werk op non-profit basis.\u00a0 Voor instellingen\/stichtingen met weinig budget ben ik beschikbaar en commerci\u00eble partijen vraag ik als tegenprestatie geld over te maken naar \u00e9\u00e9n van mijn onderstaande goede doelen.\u00a0 \u00a0Informeer wat er allemaal mogelijk is. Bij voorkeur per email of telefoon.<\/p>\n<p>Foto : Ruben Timman<\/p>\n<p>&nbsp;<\/p>\n<ul>\n<li><a href=\"https:\/\/www.concretejunglefoundation.org\/\">Concrete Jungle foundation :<\/a>\u00a0 non-profit organisatie, die skate-parken bouwt en jongeren ontwikkelingsprogramma&#8217;s ontwikkelt in Afrika, Zuid-Amerika en Jamaica<\/li>\n<li><a href=\"https:\/\/linschotennatuurlijk.nl\/\">Stichting Libel &#8211; Linschoten Natuurlijk:<\/a>\u00a0 Dit team heeft passie voor alles dat groeit, bloeit en zoomt in Linschoten.\u00a0<\/li>\n<li>Mijn oma was een njai\/ In die z&#8217;n reiskoffer &#8211; persoonlijke muziekvoorstelling over Nederlands-Indie. Stuur mij een mailtje voor rekeningnr. n.van.asdonck@gmail.com<\/li>\n<li><a href=\"https:\/\/www.stichtinglongcovid.nl\/\">Stichting Longcovid<\/a> \u00a0heeft als doel financieren en stimuleren van biomedisch onderzoek naar de oorzaken en behandeling van Long COVID<\/li>\n<\/ul>\n<p>&nbsp;<\/p>\n<p style=\"text-align: center;\">\u00a0<\/p>\n\n\n\n\n\n\n\n\n\n\n\n\n<p><\/p>\n\n\n\n\n\n\n\n\n\n\n\n\n\n\n\n\n\n\n\n<figure class=\"wp-block-gallery has-nested-images columns-default is-cropped wp-block-gallery-2 is-layout-flex wp-block-gallery-is-layout-flex\"><\/figure>\n\n\n\n<figure class=\"wp-block-gallery has-nested-images columns-default is-cropped wp-block-gallery-3 is-layout-flex wp-block-gallery-is-layout-flex\"><\/figure>\n\n\n\n<figure class=\"wp-block-gallery has-nested-images columns-default is-cropped wp-block-gallery-4 is-layout-flex wp-block-gallery-is-layout-flex\"><\/figure>\n\n\n\n\n\n\n\n\n","protected":false},"excerpt":{"rendered":"<p>Laatste wijziging : 21 april\u00a0 2026 Workshops voor iedereen is mijn belangrijkste doelstelling.\u00a0 Ik werk op non-profit basis.\u00a0 Voor instellingen\/stichtingen met weinig budget ben ik beschikbaar en commerci\u00eble partijen vraag ik als tegenprestatie geld over te maken naar \u00e9\u00e9n van mijn onderstaande goede doelen.\u00a0 \u00a0Informeer wat er allemaal mogelijk is. Bij voorkeur per email of &hellip; <\/p>\n<p class=\"link-more\"><a href=\"https:\/\/www.nicovanasdonck.nl\/\" class=\"more-link\">Lees verder <span class=\"screen-reader-text\">&#8220;Start&#8221;<\/span><\/a><\/p>\n","protected":false},"author":1,"featured_media":0,"parent":0,"menu_order":0,"comment_status":"closed","ping_status":"closed","template":"","meta":{"footnotes":""},"class_list":["post-2","page","type-page","status-publish","hentry"],"yoast_head":"<!-- This site is optimized with the Yoast SEO plugin v27.4 - https:\/\/yoast.com\/product\/yoast-seo-wordpress\/ -->\n<title>Workshops djemb\u00e9, doe het zelf drumband, Indische muziekvoorstelling : Mijn oma was een njai. Pinda-saus.nl, Indische herdenking Groningen 2023<\/title>\n<meta name=\"description\" content=\"Workshops djemb\u00e9, doe het zelf drumband, Pinda-saus.nl, Indische muziekvoorstelling: Mijn oma was een njai. Indische herdenking Groningen 2023\" \/>\n<meta name=\"robots\" content=\"index, follow, max-snippet:-1, max-image-preview:large, max-video-preview:-1\" \/>\n<link rel=\"canonical\" href=\"https:\/\/www.nicovanasdonck.nl\/\" \/>\n<meta property=\"og:locale\" content=\"nl_NL\" \/>\n<meta property=\"og:type\" content=\"article\" \/>\n<meta property=\"og:title\" content=\"Workshops djemb\u00e9, doe het zelf drumband, Indische muziekvoorstelling : Mijn oma was een njai. Pinda-saus.nl, Indische herdenking Groningen 2023\" \/>\n<meta property=\"og:description\" content=\"Workshops djemb\u00e9, doe het zelf drumband, Pinda-saus.nl, Indische muziekvoorstelling: Mijn oma was een njai. Indische herdenking Groningen 2023\" \/>\n<meta property=\"og:url\" content=\"https:\/\/www.nicovanasdonck.nl\/\" \/>\n<meta property=\"og:site_name\" content=\"Nico van Asdonck\" \/>\n<meta property=\"article:modified_time\" content=\"2026-04-21T12:27:04+00:00\" \/>\n<meta property=\"og:image\" content=\"https:\/\/www.nicovanasdonck.nl\/pindasaus\/wp-content\/uploads\/IMG-20210202-WA0020.jpg\" \/>\n\t<meta property=\"og:image:width\" content=\"1066\" \/>\n\t<meta property=\"og:image:height\" content=\"1600\" \/>\n\t<meta property=\"og:image:type\" content=\"image\/jpeg\" \/>\n<meta name=\"twitter:label1\" content=\"Geschatte leestijd\" \/>\n\t<meta name=\"twitter:data1\" content=\"5 minuten\" \/>\n<script type=\"application\/ld+json\" class=\"yoast-schema-graph\">{\"@context\":\"https:\\\/\\\/schema.org\",\"@graph\":[{\"@type\":\"WebPage\",\"@id\":\"https:\\\/\\\/www.nicovanasdonck.nl\\\/\",\"url\":\"https:\\\/\\\/www.nicovanasdonck.nl\\\/\",\"name\":\"Workshops djemb\u00e9, doe het zelf drumband, Indische muziekvoorstelling : Mijn oma was een njai. Pinda-saus.nl, Indische herdenking Groningen 2023\",\"isPartOf\":{\"@id\":\"https:\\\/\\\/www.nicovanasdonck.nl\\\/#website\"},\"primaryImageOfPage\":{\"@id\":\"https:\\\/\\\/www.nicovanasdonck.nl\\\/#primaryimage\"},\"image\":{\"@id\":\"https:\\\/\\\/www.nicovanasdonck.nl\\\/#primaryimage\"},\"thumbnailUrl\":\"https:\\\/\\\/www.nicovanasdonck.nl\\\/pindasaus\\\/wp-content\\\/uploads\\\/IMG-20210202-WA0020-200x300.jpg\",\"datePublished\":\"2012-09-03T22:20:56+00:00\",\"dateModified\":\"2026-04-21T12:27:04+00:00\",\"description\":\"Workshops djemb\u00e9, doe het zelf drumband, Pinda-saus.nl, Indische muziekvoorstelling: Mijn oma was een njai. Indische herdenking Groningen 2023\",\"inLanguage\":\"nl-NL\",\"potentialAction\":[{\"@type\":\"ReadAction\",\"target\":[\"https:\\\/\\\/www.nicovanasdonck.nl\\\/\"]}]},{\"@type\":\"ImageObject\",\"inLanguage\":\"nl-NL\",\"@id\":\"https:\\\/\\\/www.nicovanasdonck.nl\\\/#primaryimage\",\"url\":\"https:\\\/\\\/www.nicovanasdonck.nl\\\/pindasaus\\\/wp-content\\\/uploads\\\/IMG-20210202-WA0020.jpg\",\"contentUrl\":\"https:\\\/\\\/www.nicovanasdonck.nl\\\/pindasaus\\\/wp-content\\\/uploads\\\/IMG-20210202-WA0020.jpg\",\"width\":1066,\"height\":1600},{\"@type\":\"WebSite\",\"@id\":\"https:\\\/\\\/www.nicovanasdonck.nl\\\/#website\",\"url\":\"https:\\\/\\\/www.nicovanasdonck.nl\\\/\",\"name\":\"Nico van Asdonck\",\"description\":\"pinda-saus.nl\",\"publisher\":{\"@id\":\"https:\\\/\\\/www.nicovanasdonck.nl\\\/#\\\/schema\\\/person\\\/9bc48c7e3d982d18c83eed5cfa990889\"},\"potentialAction\":[{\"@type\":\"SearchAction\",\"target\":{\"@type\":\"EntryPoint\",\"urlTemplate\":\"https:\\\/\\\/www.nicovanasdonck.nl\\\/?s={search_term_string}\"},\"query-input\":{\"@type\":\"PropertyValueSpecification\",\"valueRequired\":true,\"valueName\":\"search_term_string\"}}],\"inLanguage\":\"nl-NL\"},{\"@type\":[\"Person\",\"Organization\"],\"@id\":\"https:\\\/\\\/www.nicovanasdonck.nl\\\/#\\\/schema\\\/person\\\/9bc48c7e3d982d18c83eed5cfa990889\",\"name\":\"Nico\",\"image\":{\"@type\":\"ImageObject\",\"inLanguage\":\"nl-NL\",\"@id\":\"https:\\\/\\\/secure.gravatar.com\\\/avatar\\\/1a76f92c496bc745c24f0538fecb2a1f681ad6ca16dd8c4d9ee0fbc1ae03e169?s=96&d=mm&r=g\",\"url\":\"https:\\\/\\\/secure.gravatar.com\\\/avatar\\\/1a76f92c496bc745c24f0538fecb2a1f681ad6ca16dd8c4d9ee0fbc1ae03e169?s=96&d=mm&r=g\",\"contentUrl\":\"https:\\\/\\\/secure.gravatar.com\\\/avatar\\\/1a76f92c496bc745c24f0538fecb2a1f681ad6ca16dd8c4d9ee0fbc1ae03e169?s=96&d=mm&r=g\",\"caption\":\"Nico\"},\"logo\":{\"@id\":\"https:\\\/\\\/secure.gravatar.com\\\/avatar\\\/1a76f92c496bc745c24f0538fecb2a1f681ad6ca16dd8c4d9ee0fbc1ae03e169?s=96&d=mm&r=g\"}}]}<\/script>\n<!-- \/ Yoast SEO plugin. -->","yoast_head_json":{"title":"Workshops djemb\u00e9, doe het zelf drumband, Indische muziekvoorstelling : Mijn oma was een njai. Pinda-saus.nl, Indische herdenking Groningen 2023","description":"Workshops djemb\u00e9, doe het zelf drumband, Pinda-saus.nl, Indische muziekvoorstelling: Mijn oma was een njai. Indische herdenking Groningen 2023","robots":{"index":"index","follow":"follow","max-snippet":"max-snippet:-1","max-image-preview":"max-image-preview:large","max-video-preview":"max-video-preview:-1"},"canonical":"https:\/\/www.nicovanasdonck.nl\/","og_locale":"nl_NL","og_type":"article","og_title":"Workshops djemb\u00e9, doe het zelf drumband, Indische muziekvoorstelling : Mijn oma was een njai. Pinda-saus.nl, Indische herdenking Groningen 2023","og_description":"Workshops djemb\u00e9, doe het zelf drumband, Pinda-saus.nl, Indische muziekvoorstelling: Mijn oma was een njai. Indische herdenking Groningen 2023","og_url":"https:\/\/www.nicovanasdonck.nl\/","og_site_name":"Nico van Asdonck","article_modified_time":"2026-04-21T12:27:04+00:00","og_image":[{"width":1066,"height":1600,"url":"https:\/\/www.nicovanasdonck.nl\/pindasaus\/wp-content\/uploads\/IMG-20210202-WA0020.jpg","type":"image\/jpeg"}],"twitter_misc":{"Geschatte leestijd":"5 minuten"},"schema":{"@context":"https:\/\/schema.org","@graph":[{"@type":"WebPage","@id":"https:\/\/www.nicovanasdonck.nl\/","url":"https:\/\/www.nicovanasdonck.nl\/","name":"Workshops djemb\u00e9, doe het zelf drumband, Indische muziekvoorstelling : Mijn oma was een njai. Pinda-saus.nl, Indische herdenking Groningen 2023","isPartOf":{"@id":"https:\/\/www.nicovanasdonck.nl\/#website"},"primaryImageOfPage":{"@id":"https:\/\/www.nicovanasdonck.nl\/#primaryimage"},"image":{"@id":"https:\/\/www.nicovanasdonck.nl\/#primaryimage"},"thumbnailUrl":"https:\/\/www.nicovanasdonck.nl\/pindasaus\/wp-content\/uploads\/IMG-20210202-WA0020-200x300.jpg","datePublished":"2012-09-03T22:20:56+00:00","dateModified":"2026-04-21T12:27:04+00:00","description":"Workshops djemb\u00e9, doe het zelf drumband, Pinda-saus.nl, Indische muziekvoorstelling: Mijn oma was een njai. Indische herdenking Groningen 2023","inLanguage":"nl-NL","potentialAction":[{"@type":"ReadAction","target":["https:\/\/www.nicovanasdonck.nl\/"]}]},{"@type":"ImageObject","inLanguage":"nl-NL","@id":"https:\/\/www.nicovanasdonck.nl\/#primaryimage","url":"https:\/\/www.nicovanasdonck.nl\/pindasaus\/wp-content\/uploads\/IMG-20210202-WA0020.jpg","contentUrl":"https:\/\/www.nicovanasdonck.nl\/pindasaus\/wp-content\/uploads\/IMG-20210202-WA0020.jpg","width":1066,"height":1600},{"@type":"WebSite","@id":"https:\/\/www.nicovanasdonck.nl\/#website","url":"https:\/\/www.nicovanasdonck.nl\/","name":"Nico van Asdonck","description":"pinda-saus.nl","publisher":{"@id":"https:\/\/www.nicovanasdonck.nl\/#\/schema\/person\/9bc48c7e3d982d18c83eed5cfa990889"},"potentialAction":[{"@type":"SearchAction","target":{"@type":"EntryPoint","urlTemplate":"https:\/\/www.nicovanasdonck.nl\/?s={search_term_string}"},"query-input":{"@type":"PropertyValueSpecification","valueRequired":true,"valueName":"search_term_string"}}],"inLanguage":"nl-NL"},{"@type":["Person","Organization"],"@id":"https:\/\/www.nicovanasdonck.nl\/#\/schema\/person\/9bc48c7e3d982d18c83eed5cfa990889","name":"Nico","image":{"@type":"ImageObject","inLanguage":"nl-NL","@id":"https:\/\/secure.gravatar.com\/avatar\/1a76f92c496bc745c24f0538fecb2a1f681ad6ca16dd8c4d9ee0fbc1ae03e169?s=96&d=mm&r=g","url":"https:\/\/secure.gravatar.com\/avatar\/1a76f92c496bc745c24f0538fecb2a1f681ad6ca16dd8c4d9ee0fbc1ae03e169?s=96&d=mm&r=g","contentUrl":"https:\/\/secure.gravatar.com\/avatar\/1a76f92c496bc745c24f0538fecb2a1f681ad6ca16dd8c4d9ee0fbc1ae03e169?s=96&d=mm&r=g","caption":"Nico"},"logo":{"@id":"https:\/\/secure.gravatar.com\/avatar\/1a76f92c496bc745c24f0538fecb2a1f681ad6ca16dd8c4d9ee0fbc1ae03e169?s=96&d=mm&r=g"}}]}},"_links":{"self":[{"href":"https:\/\/www.nicovanasdonck.nl\/index.php\/wp-json\/wp\/v2\/pages\/2","targetHints":{"allow":["GET"]}}],"collection":[{"href":"https:\/\/www.nicovanasdonck.nl\/index.php\/wp-json\/wp\/v2\/pages"}],"about":[{"href":"https:\/\/www.nicovanasdonck.nl\/index.php\/wp-json\/wp\/v2\/types\/page"}],"author":[{"embeddable":true,"href":"https:\/\/www.nicovanasdonck.nl\/index.php\/wp-json\/wp\/v2\/users\/1"}],"replies":[{"embeddable":true,"href":"https:\/\/www.nicovanasdonck.nl\/index.php\/wp-json\/wp\/v2\/comments?post=2"}],"version-history":[{"count":260,"href":"https:\/\/www.nicovanasdonck.nl\/index.php\/wp-json\/wp\/v2\/pages\/2\/revisions"}],"predecessor-version":[{"id":6361,"href":"https:\/\/www.nicovanasdonck.nl\/index.php\/wp-json\/wp\/v2\/pages\/2\/revisions\/6361"}],"wp:attachment":[{"href":"https:\/\/www.nicovanasdonck.nl\/index.php\/wp-json\/wp\/v2\/media?parent=2"}],"curies":[{"name":"wp","href":"https:\/\/api.w.org\/{rel}","templated":true}]}}